{"id":125,"date":"2019-08-18T14:26:41","date_gmt":"2019-08-18T13:26:41","guid":{"rendered":"http:\/\/test.puel.de\/?page_id=125"},"modified":"2020-10-31T11:53:20","modified_gmt":"2020-10-31T10:53:20","slug":"mitglied-werden","status":"publish","type":"page","link":"https:\/\/test.puel.de\/?page_id=125","title":{"rendered":"Mitglied werden"},"content":{"rendered":"\n<div class=\"wp-block-group\"><div class=\"wp-block-group__inner-container\">\n<div id=\"cta-2\" class=\"cta-centered-section white-text cta-centered-section-grid\" style=\"background-image: none; background-color: #0c7a20;\" data-label=\"Cta\" data-id=\"cta-centered-section-grid\" data-category=\"cta\" data-ovid=\"ovid-cta-2-167\">\n<div class=\"gridContainer\">\n<div class=\"row\">\n<div class=\"cta-centered-section-col dynamic-color\" data-type=\"column\">\n<h3 class=\"cta-centered-section-tite\"><span class=\"span28\">Werde aktiv! <span style=\"font-weight: 200;\">Werde Vereinsmitglied<\/span><\/span><\/h3>\n<p class=\"cta-centered-section-text\">Gerne kannst Du jederzeit Mitglied im Verein werden und unser Projekt so unterst\u00fctzen.<br \/>Dazu m\u00fcsstest Du bitte noch das Formular vollst\u00e4ndig ausf\u00fcllen, welches Du hier herunterladen kannst.<\/p>\n<p>Davon unabh\u00e4ngig ist die Vergabe von Ernteanteilen. Diese werden bereits im Vorfeld der jeweiligen Saison geplant. Um zu erfahren, ob derzeit Ernteanteile zu vergeben sind, setze Dich bitte vorab mit uns in Verbindung.<\/p>\n<p><a class=\"button big color3 white-text\" href=\"http:\/\/test.puel.de\/wp-content\/uploads\/2020\/10\/Mitgliedsantrag-2020.pdf\" target=\"_blank\" rel=\"noopener noreferrer\" data-icon=\"\">Mitgliedsantrag (PDF)<\/a><\/p>\n<p class=\"\">(Der Antrag wurde aktualisiert und ist derzeit noch nicht mit jeder Version elektronisch ausf\u00fcllbar)<\/p>\n<p class=\"\">Wenn Du dieses ausgef\u00fcllt hast, sende es uns bitte per Post zu.<\/p>\n<p>Solltest Du keinen Drucker zur Verf\u00fcgung haben, kontaktiere uns \u00fcber das Kontaktformular.<\/p>\n<\/div>\n<p style=\"text-align: center;\">Hier findest du auch noch unsere Satzung<\/p>\n<p style=\"text-align: center;\"><a class=\"button big color3 white-text\" href=\"http:\/\/test.puel.de\/wp-content\/uploads\/2020\/10\/Satzung-ohne-unterschrift.pdf\" target=\"_blank\" rel=\"noopener noreferrer\" data-icon=\"\">Satzung (PDF)<\/a><\/p>\n<\/div>\n<\/div>\n<p>\u00a0<\/p>\n<div class=\"gridContainer\">\n<div class=\"row\">\n<p>\u00a0<\/p>\n<\/div>\n<\/div>\n<\/div>\n<\/div><\/div>\n","protected":false},"excerpt":{"rendered":"","protected":false},"author":1,"featured_media":0,"parent":0,"menu_order":0,"comment_status":"closed","ping_status":"closed","template":"full-width-page.php","meta":[],"_links":{"self":[{"href":"https:\/\/test.puel.de\/index.php?rest_route=\/wp\/v2\/pages\/125"}],"collection":[{"href":"https:\/\/test.puel.de\/index.php?rest_route=\/wp\/v2\/pages"}],"about":[{"href":"https:\/\/test.puel.de\/index.php?rest_route=\/wp\/v2\/types\/page"}],"author":[{"embeddable":true,"href":"https:\/\/test.puel.de\/index.php?rest_route=\/wp\/v2\/users\/1"}],"replies":[{"embeddable":true,"href":"https:\/\/test.puel.de\/index.php?rest_route=%2Fwp%2Fv2%2Fcomments&post=125"}],"version-history":[{"count":16,"href":"https:\/\/test.puel.de\/index.php?rest_route=\/wp\/v2\/pages\/125\/revisions"}],"predecessor-version":[{"id":304,"href":"https:\/\/test.puel.de\/index.php?rest_route=\/wp\/v2\/pages\/125\/revisions\/304"}],"wp:attachment":[{"href":"https:\/\/test.puel.de\/index.php?rest_route=%2Fwp%2Fv2%2Fmedia&parent=125"}],"curies":[{"name":"wp","href":"https:\/\/api.w.org\/{rel}","templated":true}]}}