{"id":474,"date":"2021-11-08T17:09:05","date_gmt":"2021-11-08T16:09:05","guid":{"rendered":"http:\/\/test.puel.de\/?page_id=474"},"modified":"2021-11-16T13:02:01","modified_gmt":"2021-11-16T12:02:01","slug":"videos-und-mehr","status":"publish","type":"page","link":"https:\/\/test.puel.de\/?page_id=474","title":{"rendered":"Videos und mehr &#8230;"},"content":{"rendered":"\n<p><\/p>\n\n\n\n<div class=\"wp-block-columns\">\n<div class=\"wp-block-column\" style=\"flex-basis:20%\"><\/div>\n\n\n\n<div class=\"wp-block-column\">\n<p>Auf dieser Seite wollen wir Euch interessante Sachen pr\u00e4sentieren. Videos \u00fcber uns oder andere Solawis, Plakate oder anderes \u2026<\/p>\n\n\n\n<p><strong>Die Aufzeichnung unserer Infoveranstaltung f\u00fcr alle zum Nachschauen. <br>P.S. G\u00e4rtnern k\u00f6nnen wir besser als Videos aufnehmen.<\/strong><\/p>\n\n\n\n<figure class=\"wp-block-embed is-type-video is-provider-youtube wp-block-embed-youtube wp-embed-aspect-16-9 wp-has-aspect-ratio\"><div class=\"wp-block-embed__wrapper\">\n<iframe loading=\"lazy\" title=\"Infoveranstaltung SoLaWi Egg-Leo e.V.\" width=\"500\" height=\"281\" src=\"https:\/\/www.youtube.com\/embed\/Wl14umIeAVc?feature=oembed\" frameborder=\"0\" allow=\"accelerometer; autoplay; clipboard-write; encrypted-media; gyroscope; picture-in-picture; web-share\" allowfullscreen><\/iframe>\n<\/div><\/figure>\n\n\n\n<p><strong>Fangen wir an mit einem Video zum Thema &#8222;Was ist eine Solawi&#8220;<\/strong><br><\/p>\n\n\n\n<figure class=\"wp-block-embed is-type-video is-provider-youtube wp-block-embed-youtube wp-embed-aspect-16-9 wp-has-aspect-ratio\"><div class=\"wp-block-embed__wrapper\">\n<iframe loading=\"lazy\" title=\"Was ist eine Solawi?\" width=\"500\" height=\"281\" src=\"https:\/\/www.youtube.com\/embed\/G2lihEP0D0Q?feature=oembed\" frameborder=\"0\" allow=\"accelerometer; autoplay; clipboard-write; encrypted-media; gyroscope; picture-in-picture; web-share\" allowfullscreen><\/iframe>\n<\/div><\/figure>\n\n\n\n<p><\/p>\n<\/div>\n\n\n\n<div class=\"wp-block-column\" style=\"flex-basis:19%\"><\/div>\n<\/div>\n","protected":false},"excerpt":{"rendered":"<p>Auf dieser Seite wollen wir Euch interessante Sachen pr\u00e4sentieren. Videos \u00fcber uns oder andere Solawis, Plakate oder anderes \u2026 Die Aufzeichnung unserer Infoveranstaltung f\u00fcr alle zum Nachschauen. P.S. G\u00e4rtnern k\u00f6nnen<\/p>\n<p><a href=\"https:\/\/test.puel.de\/?page_id=474\" class=\"more-link\">Continue reading<span class=\"screen-reader-text\">Videos und mehr &#8230;<\/span><\/a><\/p>\n","protected":false},"author":4,"featured_media":0,"parent":0,"menu_order":0,"comment_status":"closed","ping_status":"closed","template":"full-width-page.php","meta":[],"_links":{"self":[{"href":"https:\/\/test.puel.de\/index.php?rest_route=\/wp\/v2\/pages\/474"}],"collection":[{"href":"https:\/\/test.puel.de\/index.php?rest_route=\/wp\/v2\/pages"}],"about":[{"href":"https:\/\/test.puel.de\/index.php?rest_route=\/wp\/v2\/types\/page"}],"author":[{"embeddable":true,"href":"https:\/\/test.puel.de\/index.php?rest_route=\/wp\/v2\/users\/4"}],"replies":[{"embeddable":true,"href":"https:\/\/test.puel.de\/index.php?rest_route=%2Fwp%2Fv2%2Fcomments&post=474"}],"version-history":[{"count":8,"href":"https:\/\/test.puel.de\/index.php?rest_route=\/wp\/v2\/pages\/474\/revisions"}],"predecessor-version":[{"id":491,"href":"https:\/\/test.puel.de\/index.php?rest_route=\/wp\/v2\/pages\/474\/revisions\/491"}],"wp:attachment":[{"href":"https:\/\/test.puel.de\/index.php?rest_route=%2Fwp%2Fv2%2Fmedia&parent=474"}],"curies":[{"name":"wp","href":"https:\/\/api.w.org\/{rel}","templated":true}]}}